{"id":170,"date":"2022-11-01T20:37:28","date_gmt":"2022-11-01T19:37:28","guid":{"rendered":"https:\/\/www.fika.si\/delo\/?page_id=170"},"modified":"2023-03-11T15:30:36","modified_gmt":"2023-03-11T14:30:36","slug":"kadrovske-evidence","status":"publish","type":"page","link":"https:\/\/www.fika.si\/delo\/kadrovske-evidence\/","title":{"rendered":"Kadrovske evidence"},"content":{"rendered":"\r\n<h2 id=\"inspiro-is-a-digital-product-agency-that-focuses-on-strategy-and-design\" class=\"has-large-font-size pomanjsaj2 wp-block-heading\" style=\"font-style: normal; font-weight: 100; text-align: center;\"><strong>Kadrovske evidence, evidence varstva pri delu, medicine dela, regresov, dopustov so pomemben detajl pri optimizaciji poslovanja in morebitnih in\u0161pekcijskih pregledih.<\/strong><\/h2>\r\n\r\n\r\n\r\n<div class=\"wp-block-spacer\" style=\"height: 20px;\" aria-hidden=\"true\">\u00a0<\/div>\r\n\r\n\r\n\r\n<div class=\"wp-block-columns alignwide is-layout-flex wp-container-core-columns-is-layout-9d6595d7 wp-block-columns-is-layout-flex\">\r\n<div class=\"wp-block-column is-layout-flow wp-block-column-is-layout-flow\">\r\n\r\n\r\n<h3 class=\"has-black-color has-text-color has-medium-font-size mednaslov\">Prihranite si stres in odve\u010dno delo<\/h3>\r\n\r\n\r\n\r\n<p>Ponujam vodenje kadrovskih evidenc, evidenc varstva pri delu, medicine dela, regresov, dopustov \u2026 S preglednimi evidencami mo\u010dno vplivamo na urejenost in preglednost pomembnih informacij podjetja. Svetujem tudi pri pripravi sistemizacije delovnih mest, internih aktov (varstvo osebnih podatkov, <a href=\"https:\/\/sl.wikipedia.org\/wiki\/Splo%C5%A1na_uredba_o_varstvu_podatkov\" target=\"_blank\" rel=\"noopener\">GDPR<\/a> ipd.).<\/p>\r\n<p>Morebiten in\u0161pekcijski pregled lahko prina\u0161a ogromno stresa, z urejenimi evidencami in skrbno hranjenimi ter o\u0161tevil\u010denimi dokumenti podjetje \u017ee na za\u010detku izka\u017ee resnost, urejenost in profesionalnost.<\/p>\r\n<\/div>\r\n\r\n\r\n\r\n<div class=\"wp-block-column is-layout-flow wp-block-column-is-layout-flow\">\r\n\r\n\r\n<h3 class=\"has-black-color has-text-color has-medium-font-size mednaslov\">Organizacija je pol opravljenega dela<\/h3>\r\n\r\n\r\n\r\n<p class=\"has-text-color\" style=\"color: #7a7a7a;\"><span style=\"color: #000000;\">Dobra in redno osve\u017eena evidenca re\u0161i ve\u010dino te\u017eav, obenem pa prihrani dragoceni \u010das. Tudi, \u010de ima podjetje manj\u0161e \u0161tevilo zaposlenih, je sprotno bele\u017eenje izredno pomembno, \u010de \u017eelimo biti pripravljeni na vse in\u0161pekcijske preglede. Po mojih izku\u0161njah so nekatere bran\u017ee pogosteje podvr\u017eene in\u0161pekcijskim pregledom, za kar je dobro biti pripravljen vnaprej.<\/span><\/p>\r\n<p class=\"has-text-color\" style=\"color: #7a7a7a;\"><span style=\"color: #000000;\">Precej bolj mirno spimo, ko vemo, da so na\u0161i podatki skrbno zapisani in urejeni. Tako jih lahko enostavno izpustimo iz svojih misli. <\/span><\/p>\r\n<\/div>\r\n<\/div>\r\n\r\n<p>&nbsp;<\/p>\r\n\r\n<div class=\"wp-block-cover alignfull has-background-dim-40 has-black-background-color has-background-dim has-parallax is-position-center-center margin20\" style=\"background-image: url('https:\/\/www.fika.si\/delo\/wp-content\/uploads\/kontakt_fika2.webp'); min-height: 575px;\">\r\n<div class=\"wp-block-cover__inner-container is-layout-flow wp-block-cover-is-layout-flow\">\r\n<p class=\"has-text-align-center has-text-color has-huge-font-size\" style=\"color: #fffffa; line-height: 1.1;\"><strong>Kako najhitreje do mene?<\/strong><\/p>\r\n\r\n\r\n\r\n<p class=\"has-text-align-center\" style=\"color: #ffffff;\">Pokli\u010dite me, vse bomo uredili. <br \/><span style=\"color: #ffffff;\"><strong><a style=\"color: #ffffff;\" href=\"tel:+38631837451\">031 83 74 51<\/a><\/strong><\/span><\/p>\r\n\r\n\r\n\r\n<div class=\"wp-block-spacer\" style=\"height: 39px;\" aria-hidden=\"true\">\u00a0<\/div>\r\n\r\n\r\n\r\n<div class=\"wp-block-buttons is-content-justification-center is-layout-flex wp-block-buttons-is-layout-flex\">\r\n<div class=\"wp-block-button is-style-outline is-style-outline--1\"><a class=\"wp-block-button__link has-white-color has-text-color violica no-border-radius\" href=\"tel:+38631837451\">kontakt<\/a><\/div>\r\n<\/div>\r\n<\/div>\r\n<\/div>\r\n","protected":false},"excerpt":{"rendered":"<p>Kadrovske evidence, evidence varstva pri delu, medicine dela, regresov, dopustov so pomemben detajl pri optimizaciji poslovanja in morebitnih in\u0161pekcijskih pregledih. Prihranite si stres in odve\u010dno delo Ponujam vodenje kadrovskih evidenc, evidenc varstva pri delu, medicine dela, regresov, dopustov \u2026 S preglednimi evidencami mo\u010dno vplivamo na urejenost in preglednost pomembnih informacij podjetja. Svetujem tudi pri pripravi &hellip; <\/p>\n<p class=\"link-more\"><a href=\"https:\/\/www.fika.si\/delo\/kadrovske-evidence\/\" class=\"more-link\">Preberi ve\u010d <span class=\"screen-reader-text\"> &#8220;Kadrovske evidence&#8221;<\/span><\/a><\/p>\n","protected":false},"author":1,"featured_media":223,"parent":0,"menu_order":0,"comment_status":"closed","ping_status":"closed","template":"","meta":{"footnotes":""},"class_list":["post-170","page","type-page","status-publish","has-post-thumbnail","hentry"],"_links":{"self":[{"href":"https:\/\/www.fika.si\/delo\/wp-json\/wp\/v2\/pages\/170","targetHints":{"allow":["GET"]}}],"collection":[{"href":"https:\/\/www.fika.si\/delo\/wp-json\/wp\/v2\/pages"}],"about":[{"href":"https:\/\/www.fika.si\/delo\/wp-json\/wp\/v2\/types\/page"}],"author":[{"embeddable":true,"href":"https:\/\/www.fika.si\/delo\/wp-json\/wp\/v2\/users\/1"}],"replies":[{"embeddable":true,"href":"https:\/\/www.fika.si\/delo\/wp-json\/wp\/v2\/comments?post=170"}],"version-history":[{"count":9,"href":"https:\/\/www.fika.si\/delo\/wp-json\/wp\/v2\/pages\/170\/revisions"}],"predecessor-version":[{"id":515,"href":"https:\/\/www.fika.si\/delo\/wp-json\/wp\/v2\/pages\/170\/revisions\/515"}],"wp:featuredmedia":[{"embeddable":true,"href":"https:\/\/www.fika.si\/delo\/wp-json\/wp\/v2\/media\/223"}],"wp:attachment":[{"href":"https:\/\/www.fika.si\/delo\/wp-json\/wp\/v2\/media?parent=170"}],"curies":[{"name":"wp","href":"https:\/\/api.w.org\/{rel}","templated":true}]}}