{"id":12,"date":"2022-10-30T10:05:03","date_gmt":"2022-10-30T09:05:03","guid":{"rendered":"https:\/\/www.fika.si\/delo\/?page_id=12"},"modified":"2023-07-27T21:42:43","modified_gmt":"2023-07-27T20:42:43","slug":"beautiful-portfolios-for-exceptional-creatives","status":"publish","type":"page","link":"https:\/\/www.fika.si\/delo\/","title":{"rendered":"Prva stran"},"content":{"rendered":"\r\n<h2 class=\"has-large-font-size pomanjsaj wp-block-heading\" style=\"font-style: normal; font-weight: 100; text-align: center;\"><strong>Ustvarjanje kreativnih vsebin za socialna omre\u017eja in <\/strong><strong>p<\/strong><strong>omo\u010d pri administraciji zaposlovanja, urejanju delovnih dovoljenj<\/strong><\/h2>\r\n\r\n<div class=\"wp-block-spacer\" style=\"height: 50px;\" aria-hidden=\"true\">\u00a0<\/div>\r\n\r\n<div class=\"wp-block-columns alignwide is-layout-flex wp-container-core-columns-is-layout-9d6595d7 wp-block-columns-is-layout-flex\">\r\n<div class=\"wp-block-column is-layout-flow wp-block-column-is-layout-flow\">\r\n<figure class=\"wp-block-image size-large\"><img loading=\"lazy\" decoding=\"async\" class=\"alignnone\" src=\"https:\/\/www.fika.si\/delo\/wp-content\/uploads\/racunovodstvo_fika.webp\" alt=\"Pomo\u010d pri administraciji in oddaja vlog\" width=\"690\" height=\"614\" \/><\/figure>\r\n\r\n\r\n\r\n<h3 class=\"dutitle\">fika.si papirje uredi<\/h3>\r\n\r\n\r\n\r\n<p class=\"has-text-color\" style=\"color: #7a7a7a;\">Papirji, dokumenti in razli\u010dna dovoljenja so vsakodnevno na sporedu v vsakem podjetju &#8211; ne glede na njegovo velikost. \u010ce tega morda niste ve\u0161\u010di ali svojega \u010dasa ne \u017eelite nameniti tem opravilom, vam ponujam pomo\u010d pri administraciji, da to opravim namesto vas. Dolgoletna praksa in majhni triki so lahko v izjemno pomo\u010d.<\/p>\r\n<ul>\r\n<li><a style=\"text-decoration: none;\" href=\"https:\/\/www.fika.si\/delo\/zaposlitev-tujca\/\">Delovna dovoljena za tujce<\/a><\/li>\r\n<li><a style=\"text-decoration: none;\" href=\"https:\/\/www.fika.si\/delo\/kadrovske-evidence\/\">Kadrovske evidence<\/a><\/li>\r\n<li><a style=\"text-decoration: none;\" href=\"https:\/\/www.fika.si\/delo\/administracija\/\">Administrativna pomo\u010d<\/a><\/li>\r\n<li><a style=\"text-decoration: none;\" href=\"https:\/\/www.fika.si\/delo\/obvezno-zdravstveno-zavarovanje\/\">Oddajanje prijav na ZZZS<\/a><\/li>\r\n<\/ul>\r\n<\/div>\r\n\r\n\r\n\r\n<div class=\"wp-block-column is-layout-flow wp-block-column-is-layout-flow\">\r\n<figure class=\"wp-block-image size-large\"><a href=\"https:\/\/www.fika.si\/delo\/urejanje-socialnih-omrezij\"><img loading=\"lazy\" decoding=\"async\" class=\"alignnone\" src=\"https:\/\/www.fika.si\/delo\/wp-content\/uploads\/kreativa_fika.webp\" alt=\"kadrovske evidence, prijava na ZZZS\" width=\"690\" height=\"614\" \/><\/a><\/figure>\r\n\r\n\r\n\r\n<h3 class=\"dutitle\"><a style=\"text-decoration: none;\" href=\"https:\/\/www.fika.si\/delo\/urejanje-socialnih-omrezij\/\">fika.si kreativo priskrbi\u00a0<\/a><\/h3>\r\n\r\n\r\n\r\n<p class=\"has-text-color\" style=\"color: #7a7a7a;\">Ni ve\u010d dovolj, da se podjetje, izdelek ali storitev predstavlja samo s spletno stranjo. Tudi <a href=\"https:\/\/www.fika.si\/delo\/urejanje-socialnih-omrezij\/\">socialna omre\u017eja<\/a> so tista, ki omogo\u010dajo dnevno predstavitev in konstantni stik z okolico, s svojo potencialno in stalno ciljno skupino, predvsem pa lahko imajo ve\u010dji obseg. Ve\u010d informacij preberite v poglavju <a href=\"https:\/\/www.fika.si\/delo\/urejanje-socialnih-omrezij\/\">kreative<\/a>. Obseg mojih najpogostej\u0161ih storitev je:<\/p>\r\n<ul>\r\n<li>Ustvarjanje tematskih, kreativnih in UGC vsebin<\/li>\r\n<li>Fotografiranje in snemanje kratkih videov<\/li>\r\n<li>Urejanje socialnih omre\u017eij\u00a0<\/li>\r\n<li>Izdelava unikatnih spletnih strani<\/li>\r\n<\/ul>\r\n<\/div>\r\n<\/div>\r\n\r\n<p>&nbsp;<\/p>\r\n\r\n<div class=\"wp-block-cover alignfull has-background-dim-40 has-black-background-color has-background-dim has-parallax is-position-center-center margin20\" style=\"background-image: url('https:\/\/www.fika.si\/delo\/wp-content\/uploads\/kontakt_fika2.webp'); min-height: 575px;\">\r\n<div class=\"wp-block-cover__inner-container is-layout-flow wp-block-cover-is-layout-flow\">\r\n<p class=\"has-text-align-center has-text-color has-huge-font-size\" style=\"color: #fffffa; line-height: 1.1;\"><strong>Kako najhitreje do mene?<\/strong><\/p>\r\n\r\n\r\n\r\n<p class=\"has-text-align-center\" style=\"color: #ffffff;\">Pokli\u010dite me, vse bomo uredili. <br \/><span style=\"color: #ffffff;\"><strong><a style=\"color: #ffffff;\" href=\"tel:+38631837451\">031 83 74 51<\/a><\/strong><\/span><\/p>\r\n\r\n\r\n\r\n<div class=\"wp-block-spacer\" style=\"height: 39px;\" aria-hidden=\"true\">\u00a0<\/div>\r\n\r\n\r\n\r\n<div class=\"wp-block-buttons is-content-justification-center is-layout-flex wp-block-buttons-is-layout-flex\">\r\n<div class=\"wp-block-button is-style-outline is-style-outline--1\"><a class=\"wp-block-button__link has-white-color has-text-color violica no-border-radius\" href=\"tel:+38631837451\">kontakt<\/a><\/div>\r\n<\/div>\r\n<\/div>\r\n<\/div>\r\n","protected":false},"excerpt":{"rendered":"<p>Ustvarjanje kreativnih vsebin za socialna omre\u017eja in pomo\u010d pri administraciji zaposlovanja, urejanju delovnih dovoljenj \u00a0 fika.si papirje uredi Papirji, dokumenti in razli\u010dna dovoljenja so vsakodnevno na sporedu v vsakem podjetju &#8211; ne glede na njegovo velikost. \u010ce tega morda niste ve\u0161\u010di ali svojega \u010dasa ne \u017eelite nameniti tem opravilom, vam ponujam pomo\u010d pri administraciji, da &hellip; <\/p>\n<p class=\"link-more\"><a href=\"https:\/\/www.fika.si\/delo\/\" class=\"more-link\">Preberi ve\u010d <span class=\"screen-reader-text\"> &#8220;Prva stran&#8221;<\/span><\/a><\/p>\n","protected":false},"author":1,"featured_media":0,"parent":0,"menu_order":0,"comment_status":"closed","ping_status":"closed","template":"","meta":{"footnotes":""},"class_list":["post-12","page","type-page","status-publish","hentry"],"_links":{"self":[{"href":"https:\/\/www.fika.si\/delo\/wp-json\/wp\/v2\/pages\/12","targetHints":{"allow":["GET"]}}],"collection":[{"href":"https:\/\/www.fika.si\/delo\/wp-json\/wp\/v2\/pages"}],"about":[{"href":"https:\/\/www.fika.si\/delo\/wp-json\/wp\/v2\/types\/page"}],"author":[{"embeddable":true,"href":"https:\/\/www.fika.si\/delo\/wp-json\/wp\/v2\/users\/1"}],"replies":[{"embeddable":true,"href":"https:\/\/www.fika.si\/delo\/wp-json\/wp\/v2\/comments?post=12"}],"version-history":[{"count":48,"href":"https:\/\/www.fika.si\/delo\/wp-json\/wp\/v2\/pages\/12\/revisions"}],"predecessor-version":[{"id":692,"href":"https:\/\/www.fika.si\/delo\/wp-json\/wp\/v2\/pages\/12\/revisions\/692"}],"wp:attachment":[{"href":"https:\/\/www.fika.si\/delo\/wp-json\/wp\/v2\/media?parent=12"}],"curies":[{"name":"wp","href":"https:\/\/api.w.org\/{rel}","templated":true}]}}